{"id":8742,"date":"2021-09-23T22:38:54","date_gmt":"2021-09-23T22:38:54","guid":{"rendered":"http:\/\/www.destellosdeluz.org\/wp\/?page_id=8742"},"modified":"2021-09-23T22:59:13","modified_gmt":"2021-09-23T22:59:13","slug":"beneficiados","status":"publish","type":"page","link":"https:\/\/www.destellosdeluz.org\/en\/avisos-de-privacidad\/beneficiados\/","title":{"rendered":"Beneficiaries"},"content":{"rendered":"<div data-elementor-type=\"wp-post\" data-elementor-id=\"8742\" class=\"elementor elementor-8742\">\n\t\t\t\t\t\t<section class=\"elementor-section elementor-top-section elementor-element elementor-element-96a397a elementor-section-content-middle elementor-section-boxed elementor-section-height-default elementor-section-height-default\" data-id=\"96a397a\" data-element_type=\"section\" data-settings=\"{&quot;jet_parallax_layout_list&quot;:[{&quot;jet_parallax_layout_image&quot;:{&quot;url&quot;:&quot;&quot;,&quot;id&quot;:&quot;&quot;,&quot;size&quot;:&quot;&quot;},&quot;_id&quot;:&quot;f5a9b7b&quot;,&quot;jet_parallax_layout_image_tablet&quot;:{&quot;url&quot;:&quot;&quot;,&quot;id&quot;:&quot;&quot;,&quot;size&quot;:&quot;&quot;},&quot;jet_parallax_layout_image_mobile&quot;:{&quot;url&quot;:&quot;&quot;,&quot;id&quot;:&quot;&quot;,&quot;size&quot;:&quot;&quot;},&quot;jet_parallax_layout_speed&quot;:{&quot;unit&quot;:&quot;%&quot;,&quot;size&quot;:50,&quot;sizes&quot;:[]},&quot;jet_parallax_layout_type&quot;:&quot;scroll&quot;,&quot;jet_parallax_layout_direction&quot;:&quot;1&quot;,&quot;jet_parallax_layout_fx_direction&quot;:null,&quot;jet_parallax_layout_z_index&quot;:&quot;&quot;,&quot;jet_parallax_layout_bg_x&quot;:50,&quot;jet_parallax_layout_bg_x_tablet&quot;:&quot;&quot;,&quot;jet_parallax_layout_bg_x_mobile&quot;:&quot;&quot;,&quot;jet_parallax_layout_bg_y&quot;:50,&quot;jet_parallax_layout_bg_y_tablet&quot;:&quot;&quot;,&quot;jet_parallax_layout_bg_y_mobile&quot;:&quot;&quot;,&quot;jet_parallax_layout_bg_size&quot;:&quot;auto&quot;,&quot;jet_parallax_layout_bg_size_tablet&quot;:&quot;&quot;,&quot;jet_parallax_layout_bg_size_mobile&quot;:&quot;&quot;,&quot;jet_parallax_layout_animation_prop&quot;:&quot;transform&quot;,&quot;jet_parallax_layout_on&quot;:[&quot;desktop&quot;,&quot;tablet&quot;]}],&quot;background_background&quot;:&quot;classic&quot;}\">\n\t\t\t\t\t\t<div class=\"elementor-container elementor-column-gap-default\">\n\t\t\t\t\t<div class=\"elementor-column elementor-col-100 elementor-top-column elementor-element elementor-element-ca2f907\" data-id=\"ca2f907\" data-element_type=\"column\">\n\t\t\t<div class=\"elementor-widget-wrap elementor-element-populated\">\n\t\t\t\t\t\t<div class=\"elementor-element elementor-element-968595d elementor-widget elementor-widget-text-editor\" data-id=\"968595d\" data-element_type=\"widget\" data-widget_type=\"text-editor.default\">\n\t\t\t\t<div class=\"elementor-widget-container\">\n\t\t\t\t\t\t\t\t\t<p><strong>Destellos de Luz, A.B.P.<\/strong> (en delante la Asociaci\u00f3n), es responsable del tratamiento de sus datos personales, nuestro domicilio, mismo que se se\u00f1ala para o\u00edr y recibir notificaciones es: Av. L\u00e1zaro C\u00e1rdenas #2600 Ote. Col. Valle Oriente, San Pedro Garza Garc\u00eda, Nuevo Le\u00f3n, C.P. 66269. Tambi\u00e9n nos puede contactar en el correo: datospersonales@destellosdeluz.org o al tel\u00e9fono 8368-2626.<\/p><p><strong>PROTECCI\u00d3N DE DATOS PERSONALES.<\/strong><br \/>Destellos de Luz, A.B.P., mantendr\u00e1 estrictos mecanismos de protecci\u00f3n, para garantizar la seguridad, integridad, privacidad y confidencialidad de la informaci\u00f3n recopilada.<\/p><p><strong>FINALIDADES DEL TRATAMIENTO A DATOS PERSONALES.<\/strong><br \/>Sus Datos Personales ser\u00e1n utilizados \u00fanicamente para darlo de alta como candidato a recibir el apoyo m\u00e9dico y\/o educativo necesario, de acuerdo a su condici\u00f3n visual. As\u00ed mismo, de resultar candidato apto, la Asociaci\u00f3n expondr\u00e1 su caso ante diversos Benefactores, a fin de obtener recursos para apoyarlo en su necesidad.<\/p><p>Como una finalidad secundaria y solo para dar buen testimonio de la labor que la Asociaci\u00f3n brinda a la sociedad, podremos subir su fotograf\u00eda a nuestra p\u00e1gina de Internet, nuestra P\u00e1gina de Facebook, impresos de campa\u00f1as y eventos, \u00fanicamente previo consentimiento. Para revocar su consentimiento puede hacer uso de los mecanismos se\u00f1alados en el apartado Derechos Arco.<\/p><p>___Si, ___No, consiento que mis Datos Personales sean publicados en los medios antes descritos de la Asociaci\u00f3n.<\/p><p><strong>DATOS PERSONALES BAJO TRATAMIENTO.<\/strong><br \/>Para las finalidades de este Aviso de Privacidad recabaremos sus Datos Personales cuando usted nos los proporciona directamente a trav\u00e9s de los formatos de la Asociaci\u00f3n, de la entrevista personal, as\u00ed como los que resulten de estudios m\u00e9dicos y los obtenidos a trav\u00e9s de otras fuentes que est\u00e1n permitidas por la Ley. Recabaremos sus siguientes Datos Personales: Datos de Identificaci\u00f3n, de contacto, laborales y acad\u00e9micos.<br \/>De igual manera se dar\u00e1 tratamiento a los datos Financieros o Patrimoniales tales como: ingreso y egreso mensual y propiedades.<br \/>As\u00ed tambi\u00e9n, la Asociaci\u00f3n requiere dar tratamiento a los siguientes Datos Personales Sensibles, como lo son: informaci\u00f3n de salud como informaci\u00f3n relacionada con su comportamiento, h\u00e1bitos, historial cl\u00ednico, patolog\u00edas, diagn\u00f3sticos m\u00e9dicos anteriores y la informaci\u00f3n que resulta de evaluaciones f\u00edsicas, oculares y de ex\u00e1menes de sangre.<\/p><p><strong>DERECHOS ARCO.<\/strong><br \/>Usted tiene el derecho para Accesar a sus Datos Personales que poseemos, solicitar Rectificarlos, Cancelarlos u Oponerse al tratamiento de los mismos para fines espec\u00edficos. En todo momento puede revocar el consentimiento otorgado para el tratamiento de su informaci\u00f3n, as\u00ed mismo limitar el uso o divulgaci\u00f3n de sus Datos Personales. El mecanismo para el ejercicio de dichos derechos es mediante el llenado de la solicitud que le entregar\u00e1n en nuestro Comit\u00e9 de Datos Personales ubicado en: Av. L\u00e1zaro C\u00e1rdenas #2600 Ote. Col. Valle Oriente, San Pedro Garza Garc\u00eda, Nuevo Le\u00f3n, C.P. 66269. Su solicitud deber\u00e1 ir acompa\u00f1ada de los documentos oficiales que acrediten su identidad o, en su caso, la del representante legal; y correo electr\u00f3nico o alg\u00fan tel\u00e9fono para comunicarle la respuesta a su solicitud; en caso de no incluir un medio de contacto no podr\u00e1 darse tr\u00e1mite a su solicitud. As\u00ed tambi\u00e9n deber\u00e1 contener la descripci\u00f3n clara y precisa de los datos personales respecto de los que se busca ejercer alguno de los derechos mencionados, y cualquier elemento que facilite la localizaci\u00f3n de los datos personales. Si la solicitud presentada es para rectificaci\u00f3n, el titular deber\u00e1 adem\u00e1s, indicar las modificaciones a realizarse y aportar la documentaci\u00f3n que sustente su petici\u00f3n. Una vez aceptada su solicitud, en un plazo m\u00e1ximo de 20 d\u00edas h\u00e1biles recibir\u00e1 respuesta sobre la procedencia de su solicitud al medio de contacto especificado en la misma. Si la respuesta fuera procedente, podr\u00e1 hacer efectiva la misma dentro de los 15 d\u00edas h\u00e1biles siguientes a que se comunique la respuesta.<\/p><p><strong>TRANSFERENCIA DE DATOS PERSONALES<\/strong><br \/>Para las finalidades descritas en el presente Aviso de Privacidad se requieren transferir sus Datos Personales de Identificaci\u00f3n y Sensibles como su condici\u00f3n m\u00e9dica a Benefactores, M\u00e9dicos, Instituciones M\u00e9dicas y Gubernamentales a fin de obtener apoyo para su caso. Nos comprometemos a no transferir sus Datos Personales a terceros sin su consentimiento, salvo las excepciones previstas en el art\u00edculo 37 de la Ley Federal de Protecci\u00f3n de Datos Personales en Posesi\u00f3n de Particulares, as\u00ed como a realizar esta transferencia en los t\u00e9rminos que fija esa Ley.<\/p><p>___Si, ___No, consiento que mis Datos Personales sean transferidos conforme a los t\u00e9rminos y condiciones del presente Aviso de Privacidad.<\/p><p><strong>CAMBIOS EN EL AVISO DE PRIVACIDAD.<\/strong><br \/>Este Aviso de Privacidad puede modificarse o actualizarse para la atenci\u00f3n de novedades legislativas o jurisprudenciales, pol\u00edticas internas, nuevos requerimientos para la prestaci\u00f3n u ofrecimiento de nuestros servicios o productos y pr\u00e1cticas del mercado. Estas modificaciones estar\u00e1n disponibles al p\u00fablico a trav\u00e9s de nuestra p\u00e1gina de Internet: https:\/\/www.destellosdeluz.org<\/p><p><strong>CONSENTIMIENTO AL AVISO DE PRIVACIDAD.<\/strong><br \/>De acuerdo a los art\u00edculos 8 y 9 de la Ley Federal de Protecci\u00f3n de Datos Personales en Posesi\u00f3n de los Particulares, necesitamos de su consentimiento expreso para dar tratamiento a sus Datos Personales Financieros, Patrimoniales y Sensibles, por lo que le pedimos nos indique si consiente, o no, este tratamiento.<\/p><p>___Si, ___No, consiento que mis Datos Personales sean transferidos conforme a los t\u00e9rminos y condiciones del presente Aviso de Privacidad.<br \/>________________________________________<br \/>Nombre, firma aut\u00f3grafa o huella digital del paciente.<br \/>________________________________________<br \/>Nombre, firma aut\u00f3grafa y parentesco del acompa\u00f1ante del paciente.<br \/>La fecha de la \u00faltima actualizaci\u00f3n al presente aviso de privacidad: 26 \/ Noviembre\/ 2013.<\/p>\t\t\t\t\t\t\t\t<\/div>\n\t\t\t\t<\/div>\n\t\t\t\t\t<\/div>\n\t\t<\/div>\n\t\t\t\t\t<\/div>\n\t\t<\/section>\n\t\t\t\t<\/div>","protected":false},"excerpt":{"rendered":"<p>Destellos de Luz, A.B.P. (en delante la Asociaci\u00f3n), es responsable del tratamiento de sus datos personales, nuestro domicilio, mismo que se se\u00f1ala para o\u00edr y recibir notificaciones es: Av. L\u00e1zaro C\u00e1rdenas #2600 Ote. Col. Valle Oriente, San Pedro Garza Garc\u00eda, Nuevo Le\u00f3n, C.P. 66269. Tambi\u00e9n nos puede contactar en el correo: datospersonales@destellosdeluz.org o al tel\u00e9fono &hellip;<\/p>","protected":false},"author":1,"featured_media":0,"parent":8730,"menu_order":0,"comment_status":"closed","ping_status":"closed","template":"","meta":{"footnotes":""},"class_list":["post-8742","page","type-page","status-publish","hentry","no-thumb"],"yoast_head":"<!-- This site is optimized with the Yoast SEO plugin v25.5 - https:\/\/yoast.com\/wordpress\/plugins\/seo\/ -->\n<title>Beneficiados - Destellos de Luz<\/title>\n<meta name=\"robots\" content=\"index, follow, max-snippet:-1, max-image-preview:large, max-video-preview:-1\" \/>\n<link rel=\"canonical\" href=\"https:\/\/www.destellosdeluz.org\/en\/avisos-de-privacidad\/beneficiados\/\" \/>\n<meta property=\"og:locale\" content=\"en_US\" \/>\n<meta property=\"og:type\" content=\"article\" \/>\n<meta property=\"og:title\" content=\"Beneficiados - Destellos de Luz\" \/>\n<meta property=\"og:description\" content=\"Destellos de Luz, A.B.P. (en delante la Asociaci\u00f3n), es responsable del tratamiento de sus datos personales, nuestro domicilio, mismo que se se\u00f1ala para o\u00edr y recibir notificaciones es: Av. L\u00e1zaro C\u00e1rdenas #2600 Ote. Col. Valle Oriente, San Pedro Garza Garc\u00eda, Nuevo Le\u00f3n, C.P. 66269. Tambi\u00e9n nos puede contactar en el correo: datospersonales@destellosdeluz.org o al tel\u00e9fono &hellip;\" \/>\n<meta property=\"og:url\" content=\"https:\/\/www.destellosdeluz.org\/en\/avisos-de-privacidad\/beneficiados\/\" \/>\n<meta property=\"og:site_name\" content=\"Destellos de Luz\" \/>\n<meta property=\"article:publisher\" content=\"https:\/\/www.facebook.com\/destellosdeluzabp\/\" \/>\n<meta property=\"article:modified_time\" content=\"2021-09-23T22:59:13+00:00\" \/>\n<meta property=\"og:image\" content=\"https:\/\/www.destellosdeluz.org\/wp-content\/uploads\/2021\/09\/banner-fachada-scaled.jpg\" \/>\n\t<meta property=\"og:image:width\" content=\"2560\" \/>\n\t<meta property=\"og:image:height\" content=\"865\" \/>\n\t<meta property=\"og:image:type\" content=\"image\/jpeg\" \/>\n<meta name=\"twitter:card\" content=\"summary_large_image\" \/>\n<meta name=\"twitter:label1\" content=\"Est. reading time\" \/>\n\t<meta name=\"twitter:data1\" content=\"5 minutes\" \/>\n<script type=\"application\/ld+json\" class=\"yoast-schema-graph\">{\"@context\":\"https:\/\/schema.org\",\"@graph\":[{\"@type\":\"WebPage\",\"@id\":\"https:\/\/www.destellosdeluz.org\/avisos-de-privacidad\/beneficiados\/\",\"url\":\"https:\/\/www.destellosdeluz.org\/avisos-de-privacidad\/beneficiados\/\",\"name\":\"Beneficiados - Destellos de Luz\",\"isPartOf\":{\"@id\":\"https:\/\/www.destellosdeluz.org\/#website\"},\"datePublished\":\"2021-09-23T22:38:54+00:00\",\"dateModified\":\"2021-09-23T22:59:13+00:00\",\"breadcrumb\":{\"@id\":\"https:\/\/www.destellosdeluz.org\/avisos-de-privacidad\/beneficiados\/#breadcrumb\"},\"inLanguage\":\"en-US\",\"potentialAction\":[{\"@type\":\"ReadAction\",\"target\":[\"https:\/\/www.destellosdeluz.org\/avisos-de-privacidad\/beneficiados\/\"]}]},{\"@type\":\"BreadcrumbList\",\"@id\":\"https:\/\/www.destellosdeluz.org\/avisos-de-privacidad\/beneficiados\/#breadcrumb\",\"itemListElement\":[{\"@type\":\"ListItem\",\"position\":1,\"name\":\"Inicio\",\"item\":\"https:\/\/www.destellosdeluz.org\/\"},{\"@type\":\"ListItem\",\"position\":2,\"name\":\"Avisos de privacidad\",\"item\":\"https:\/\/www.destellosdeluz.org\/avisos-de-privacidad\/\"},{\"@type\":\"ListItem\",\"position\":3,\"name\":\"Beneficiados\"}]},{\"@type\":\"WebSite\",\"@id\":\"https:\/\/www.destellosdeluz.org\/#website\",\"url\":\"https:\/\/www.destellosdeluz.org\/\",\"name\":\"Destellos de Luz A.B.P.\",\"description\":\"Asociaci\u00f3n de beneficiencia para el invidente y d\u00e9bil visual\",\"publisher\":{\"@id\":\"https:\/\/www.destellosdeluz.org\/#organization\"},\"alternateName\":\"Destellos de Luz\",\"potentialAction\":[{\"@type\":\"SearchAction\",\"target\":{\"@type\":\"EntryPoint\",\"urlTemplate\":\"https:\/\/www.destellosdeluz.org\/?s={search_term_string}\"},\"query-input\":{\"@type\":\"PropertyValueSpecification\",\"valueRequired\":true,\"valueName\":\"search_term_string\"}}],\"inLanguage\":\"en-US\"},{\"@type\":\"Organization\",\"@id\":\"https:\/\/www.destellosdeluz.org\/#organization\",\"name\":\"Destellos de Luz A.B.P.\",\"alternateName\":\"Destellos de Luz\",\"url\":\"https:\/\/www.destellosdeluz.org\/\",\"logo\":{\"@type\":\"ImageObject\",\"inLanguage\":\"en-US\",\"@id\":\"https:\/\/www.destellosdeluz.org\/#\/schema\/logo\/image\/\",\"url\":\"https:\/\/www.destellosdeluz.org\/wp-content\/uploads\/2025\/07\/screenshot-2025-07-23-at-41046-pm.png\",\"contentUrl\":\"https:\/\/www.destellosdeluz.org\/wp-content\/uploads\/2025\/07\/screenshot-2025-07-23-at-41046-pm.png\",\"width\":304,\"height\":204,\"caption\":\"Destellos de Luz A.B.P.\"},\"image\":{\"@id\":\"https:\/\/www.destellosdeluz.org\/#\/schema\/logo\/image\/\"},\"sameAs\":[\"https:\/\/www.facebook.com\/destellosdeluzabp\/\"]}]}<\/script>\n<!-- \/ Yoast SEO plugin. -->","yoast_head_json":{"title":"Beneficiados - Destellos de Luz","robots":{"index":"index","follow":"follow","max-snippet":"max-snippet:-1","max-image-preview":"max-image-preview:large","max-video-preview":"max-video-preview:-1"},"canonical":"https:\/\/www.destellosdeluz.org\/en\/avisos-de-privacidad\/beneficiados\/","og_locale":"en_US","og_type":"article","og_title":"Beneficiados - Destellos de Luz","og_description":"Destellos de Luz, A.B.P. (en delante la Asociaci\u00f3n), es responsable del tratamiento de sus datos personales, nuestro domicilio, mismo que se se\u00f1ala para o\u00edr y recibir notificaciones es: Av. L\u00e1zaro C\u00e1rdenas #2600 Ote. Col. Valle Oriente, San Pedro Garza Garc\u00eda, Nuevo Le\u00f3n, C.P. 66269. Tambi\u00e9n nos puede contactar en el correo: datospersonales@destellosdeluz.org o al tel\u00e9fono &hellip;","og_url":"https:\/\/www.destellosdeluz.org\/en\/avisos-de-privacidad\/beneficiados\/","og_site_name":"Destellos de Luz","article_publisher":"https:\/\/www.facebook.com\/destellosdeluzabp\/","article_modified_time":"2021-09-23T22:59:13+00:00","og_image":[{"width":2560,"height":865,"url":"https:\/\/www.destellosdeluz.org\/wp-content\/uploads\/2021\/09\/banner-fachada-scaled.jpg","type":"image\/jpeg"}],"twitter_card":"summary_large_image","twitter_misc":{"Est. reading time":"5 minutes"},"schema":{"@context":"https:\/\/schema.org","@graph":[{"@type":"WebPage","@id":"https:\/\/www.destellosdeluz.org\/avisos-de-privacidad\/beneficiados\/","url":"https:\/\/www.destellosdeluz.org\/avisos-de-privacidad\/beneficiados\/","name":"Beneficiados - Destellos de Luz","isPartOf":{"@id":"https:\/\/www.destellosdeluz.org\/#website"},"datePublished":"2021-09-23T22:38:54+00:00","dateModified":"2021-09-23T22:59:13+00:00","breadcrumb":{"@id":"https:\/\/www.destellosdeluz.org\/avisos-de-privacidad\/beneficiados\/#breadcrumb"},"inLanguage":"en-US","potentialAction":[{"@type":"ReadAction","target":["https:\/\/www.destellosdeluz.org\/avisos-de-privacidad\/beneficiados\/"]}]},{"@type":"BreadcrumbList","@id":"https:\/\/www.destellosdeluz.org\/avisos-de-privacidad\/beneficiados\/#breadcrumb","itemListElement":[{"@type":"ListItem","position":1,"name":"Inicio","item":"https:\/\/www.destellosdeluz.org\/"},{"@type":"ListItem","position":2,"name":"Avisos de privacidad","item":"https:\/\/www.destellosdeluz.org\/avisos-de-privacidad\/"},{"@type":"ListItem","position":3,"name":"Beneficiados"}]},{"@type":"WebSite","@id":"https:\/\/www.destellosdeluz.org\/#website","url":"https:\/\/www.destellosdeluz.org\/","name":"Destellos de Luz A.B.P.","description":"Asociaci\u00f3n de beneficiencia para el invidente y d\u00e9bil visual","publisher":{"@id":"https:\/\/www.destellosdeluz.org\/#organization"},"alternateName":"Destellos de Luz","potentialAction":[{"@type":"SearchAction","target":{"@type":"EntryPoint","urlTemplate":"https:\/\/www.destellosdeluz.org\/?s={search_term_string}"},"query-input":{"@type":"PropertyValueSpecification","valueRequired":true,"valueName":"search_term_string"}}],"inLanguage":"en-US"},{"@type":"Organization","@id":"https:\/\/www.destellosdeluz.org\/#organization","name":"Destellos de Luz A.B.P.","alternateName":"Destellos de Luz","url":"https:\/\/www.destellosdeluz.org\/","logo":{"@type":"ImageObject","inLanguage":"en-US","@id":"https:\/\/www.destellosdeluz.org\/#\/schema\/logo\/image\/","url":"https:\/\/www.destellosdeluz.org\/wp-content\/uploads\/2025\/07\/screenshot-2025-07-23-at-41046-pm.png","contentUrl":"https:\/\/www.destellosdeluz.org\/wp-content\/uploads\/2025\/07\/screenshot-2025-07-23-at-41046-pm.png","width":304,"height":204,"caption":"Destellos de Luz A.B.P."},"image":{"@id":"https:\/\/www.destellosdeluz.org\/#\/schema\/logo\/image\/"},"sameAs":["https:\/\/www.facebook.com\/destellosdeluzabp\/"]}]}},"_links":{"self":[{"href":"https:\/\/www.destellosdeluz.org\/en\/wp-json\/wp\/v2\/pages\/8742","targetHints":{"allow":["GET"]}}],"collection":[{"href":"https:\/\/www.destellosdeluz.org\/en\/wp-json\/wp\/v2\/pages"}],"about":[{"href":"https:\/\/www.destellosdeluz.org\/en\/wp-json\/wp\/v2\/types\/page"}],"author":[{"embeddable":true,"href":"https:\/\/www.destellosdeluz.org\/en\/wp-json\/wp\/v2\/users\/1"}],"replies":[{"embeddable":true,"href":"https:\/\/www.destellosdeluz.org\/en\/wp-json\/wp\/v2\/comments?post=8742"}],"version-history":[{"count":7,"href":"https:\/\/www.destellosdeluz.org\/en\/wp-json\/wp\/v2\/pages\/8742\/revisions"}],"predecessor-version":[{"id":8774,"href":"https:\/\/www.destellosdeluz.org\/en\/wp-json\/wp\/v2\/pages\/8742\/revisions\/8774"}],"up":[{"embeddable":true,"href":"https:\/\/www.destellosdeluz.org\/en\/wp-json\/wp\/v2\/pages\/8730"}],"wp:attachment":[{"href":"https:\/\/www.destellosdeluz.org\/en\/wp-json\/wp\/v2\/media?parent=8742"}],"curies":[{"name":"wp","href":"https:\/\/api.w.org\/{rel}","templated":true}]}}