{"id":8283,"date":"2021-09-14T22:16:08","date_gmt":"2021-09-14T22:16:08","guid":{"rendered":"http:\/\/www.destellosdeluz.org\/wp\/?page_id=8283"},"modified":"2021-10-11T22:49:01","modified_gmt":"2021-10-11T22:49:01","slug":"antecedentes","status":"publish","type":"page","link":"https:\/\/www.destellosdeluz.org\/en\/about-us\/antecedentes\/","title":{"rendered":"Background"},"content":{"rendered":"<div data-elementor-type=\"wp-page\" data-elementor-id=\"8283\" class=\"elementor elementor-8283\">\n\t\t\t\t\t\t<section class=\"elementor-section elementor-top-section elementor-element elementor-element-d22291d elementor-section-boxed elementor-section-height-default elementor-section-height-default\" data-id=\"d22291d\" data-element_type=\"section\" data-settings=\"{&quot;jet_parallax_layout_list&quot;:[{&quot;jet_parallax_layout_image&quot;:{&quot;url&quot;:&quot;&quot;,&quot;id&quot;:&quot;&quot;,&quot;size&quot;:&quot;&quot;},&quot;_id&quot;:&quot;f8f5e61&quot;,&quot;jet_parallax_layout_image_tablet&quot;:{&quot;url&quot;:&quot;&quot;,&quot;id&quot;:&quot;&quot;,&quot;size&quot;:&quot;&quot;},&quot;jet_parallax_layout_image_mobile&quot;:{&quot;url&quot;:&quot;&quot;,&quot;id&quot;:&quot;&quot;,&quot;size&quot;:&quot;&quot;},&quot;jet_parallax_layout_speed&quot;:{&quot;unit&quot;:&quot;%&quot;,&quot;size&quot;:50,&quot;sizes&quot;:[]},&quot;jet_parallax_layout_type&quot;:&quot;scroll&quot;,&quot;jet_parallax_layout_direction&quot;:&quot;1&quot;,&quot;jet_parallax_layout_fx_direction&quot;:null,&quot;jet_parallax_layout_z_index&quot;:&quot;&quot;,&quot;jet_parallax_layout_bg_x&quot;:50,&quot;jet_parallax_layout_bg_x_tablet&quot;:&quot;&quot;,&quot;jet_parallax_layout_bg_x_mobile&quot;:&quot;&quot;,&quot;jet_parallax_layout_bg_y&quot;:50,&quot;jet_parallax_layout_bg_y_tablet&quot;:&quot;&quot;,&quot;jet_parallax_layout_bg_y_mobile&quot;:&quot;&quot;,&quot;jet_parallax_layout_bg_size&quot;:&quot;auto&quot;,&quot;jet_parallax_layout_bg_size_tablet&quot;:&quot;&quot;,&quot;jet_parallax_layout_bg_size_mobile&quot;:&quot;&quot;,&quot;jet_parallax_layout_animation_prop&quot;:&quot;transform&quot;,&quot;jet_parallax_layout_on&quot;:[&quot;desktop&quot;,&quot;tablet&quot;]}]}\">\n\t\t\t\t\t\t<div class=\"elementor-container elementor-column-gap-default\">\n\t\t\t\t\t<div class=\"elementor-column elementor-col-50 elementor-top-column elementor-element elementor-element-4d1ef30\" data-id=\"4d1ef30\" data-element_type=\"column\">\n\t\t\t<div class=\"elementor-widget-wrap elementor-element-populated\">\n\t\t\t\t\t\t<div class=\"elementor-element elementor-element-85dc84f elementor-widget elementor-widget-text-editor\" data-id=\"85dc84f\" data-element_type=\"widget\" data-widget_type=\"text-editor.default\">\n\t\t\t\t<div class=\"elementor-widget-container\">\n\t\t\t\t\t\t\t\t\t<p>De 1976 a 1997, un grupo de amigas encabezadas por la Sra. Emely Canavati de Assad se unieron para trabajar como Comit\u00e9 de Damas Voluntarias en beneficio de los invidentes de la asociaci\u00f3n <b>\u201cInvidentes Unidos de Monterrey\u201d<\/b>, apoy\u00e1ndolos con cirug\u00edas generales, lentes, despensas, fuentes de trabajo, gastos administrativos y remodelaci\u00f3n de sus instalaciones, entre otras actividades.<\/p>\t\t\t\t\t\t\t\t<\/div>\n\t\t\t\t<\/div>\n\t\t\t\t\t<\/div>\n\t\t<\/div>\n\t\t\t\t<div class=\"elementor-column elementor-col-50 elementor-top-column elementor-element elementor-element-520f3e2\" data-id=\"520f3e2\" data-element_type=\"column\">\n\t\t\t<div class=\"elementor-widget-wrap elementor-element-populated\">\n\t\t\t\t\t\t<div class=\"elementor-element elementor-element-25508f8 elementor-widget elementor-widget-text-editor\" data-id=\"25508f8\" data-element_type=\"widget\" data-widget_type=\"text-editor.default\">\n\t\t\t\t<div class=\"elementor-widget-container\">\n\t\t\t\t\t\t\t\t\t<p>Ante la realidad de que la demanda de cirug\u00edas visuales era cada vez mayor, nace en este Comit\u00e9 de Damas la inquietud de constituir una asociaci\u00f3n en donde todo invidente o d\u00e9bil visual de escasos recursos pudiera encontrar apoyo. Es as\u00ed como se hace realidad la <b>fundaci\u00f3n de Destellos de Luz en octubre de 1997.<\/b><\/p>\t\t\t\t\t\t\t\t<\/div>\n\t\t\t\t<\/div>\n\t\t\t\t\t<\/div>\n\t\t<\/div>\n\t\t\t\t\t<\/div>\n\t\t<\/section>\n\t\t\t\t<section class=\"elementor-section elementor-top-section elementor-element elementor-element-68218fb elementor-section-boxed elementor-section-height-default elementor-section-height-default\" data-id=\"68218fb\" data-element_type=\"section\" data-settings=\"{&quot;jet_parallax_layout_list&quot;:[{&quot;jet_parallax_layout_image&quot;:{&quot;url&quot;:&quot;&quot;,&quot;id&quot;:&quot;&quot;,&quot;size&quot;:&quot;&quot;},&quot;_id&quot;:&quot;e0b1e8a&quot;,&quot;jet_parallax_layout_image_tablet&quot;:{&quot;url&quot;:&quot;&quot;,&quot;id&quot;:&quot;&quot;,&quot;size&quot;:&quot;&quot;},&quot;jet_parallax_layout_image_mobile&quot;:{&quot;url&quot;:&quot;&quot;,&quot;id&quot;:&quot;&quot;,&quot;size&quot;:&quot;&quot;},&quot;jet_parallax_layout_speed&quot;:{&quot;unit&quot;:&quot;%&quot;,&quot;size&quot;:50,&quot;sizes&quot;:[]},&quot;jet_parallax_layout_type&quot;:&quot;scroll&quot;,&quot;jet_parallax_layout_direction&quot;:&quot;1&quot;,&quot;jet_parallax_layout_fx_direction&quot;:null,&quot;jet_parallax_layout_z_index&quot;:&quot;&quot;,&quot;jet_parallax_layout_bg_x&quot;:50,&quot;jet_parallax_layout_bg_x_tablet&quot;:&quot;&quot;,&quot;jet_parallax_layout_bg_x_mobile&quot;:&quot;&quot;,&quot;jet_parallax_layout_bg_y&quot;:50,&quot;jet_parallax_layout_bg_y_tablet&quot;:&quot;&quot;,&quot;jet_parallax_layout_bg_y_mobile&quot;:&quot;&quot;,&quot;jet_parallax_layout_bg_size&quot;:&quot;auto&quot;,&quot;jet_parallax_layout_bg_size_tablet&quot;:&quot;&quot;,&quot;jet_parallax_layout_bg_size_mobile&quot;:&quot;&quot;,&quot;jet_parallax_layout_animation_prop&quot;:&quot;transform&quot;,&quot;jet_parallax_layout_on&quot;:[&quot;desktop&quot;,&quot;tablet&quot;]}]}\">\n\t\t\t\t\t\t<div class=\"elementor-container elementor-column-gap-default\">\n\t\t\t\t\t<div class=\"elementor-column elementor-col-100 elementor-top-column elementor-element elementor-element-1f22d37\" data-id=\"1f22d37\" data-element_type=\"column\">\n\t\t\t<div class=\"elementor-widget-wrap elementor-element-populated\">\n\t\t\t\t\t\t<div class=\"elementor-element elementor-element-ece9d8d elementor-arrows-position-inside elementor-pagination-position-outside elementor-widget elementor-widget-image-carousel\" data-id=\"ece9d8d\" data-element_type=\"widget\" data-settings=\"{&quot;autoplay&quot;:&quot;no&quot;,&quot;infinite&quot;:&quot;no&quot;,&quot;navigation&quot;:&quot;both&quot;,&quot;speed&quot;:500}\" data-widget_type=\"image-carousel.default\">\n\t\t\t\t<div class=\"elementor-widget-container\">\n\t\t\t\t\t\t\t<div class=\"elementor-image-carousel-wrapper swiper\" role=\"region\" aria-roledescription=\"carousel\" aria-label=\"Image Carousel\" dir=\"ltr\" data-no-translation-aria-label=\"\">\n\t\t\t<div class=\"elementor-image-carousel swiper-wrapper swiper-image-stretch\" aria-live=\"polite\">\n\t\t\t\t\t\t\t\t<div class=\"swiper-slide\" role=\"group\" aria-roledescription=\"slide\" aria-label=\"1 of 3\" data-no-translation-aria-label=\"\"><figure class=\"swiper-slide-inner\"><img decoding=\"async\" class=\"swiper-slide-image\" src=\"https:\/\/www.destellosdeluz.org\/wp-content\/uploads\/2021\/09\/boton-realidad-295x222.jpg\" alt=\"A smiling baby with short, dark hair is wearing a white sleeveless T-shirt. His cheerful expression shows some emerging teeth, and he looks up with bright eyes against a clear white background.\" \/><\/figure><\/div><div class=\"swiper-slide\" role=\"group\" aria-roledescription=\"slide\" aria-label=\"2 of 3\" data-no-translation-aria-label=\"\"><figure class=\"swiper-slide-inner\"><img decoding=\"async\" class=\"swiper-slide-image\" src=\"https:\/\/www.destellosdeluz.org\/wp-content\/uploads\/2021\/09\/boton-antecedentes-295x222.jpg\" alt=\"Group photograph of women at the Destellos de Luz event, taken in a space with colonial architecture, including columns and wooden beamed ceilings. Participants wear elegant clothing in shades of white, beige, and some vibrant colors, suggesting a special occasion. Some women sit in the front row while others stand behind, creating a composition typical of a commemorative photo. The image has the quality and style characteristic of a photograph from the 1980s or 1990s.\" \/><\/figure><\/div><div class=\"swiper-slide\" role=\"group\" aria-roledescription=\"slide\" aria-label=\"3 of 3\" data-no-translation-aria-label=\"\"><figure class=\"swiper-slide-inner\"><img decoding=\"async\" class=\"swiper-slide-image\" src=\"https:\/\/www.destellosdeluz.org\/wp-content\/uploads\/2021\/09\/banner-quienessomos-295x222.jpg\" alt=\"En un consultorio oftalmol\u00f3gico, una ni\u00f1a con sudadera roja de &#039;Champions League&#039; sonr\u00ede mientras se le realiza un examen de la vista con un for\u00f3ptero (equipo de lentes ajustables). A su lado, otra ni\u00f1a con chaleco azul de una fundaci\u00f3n usa una tableta mientras una profesional de la salud en uniforme azul marino la supervisa. Una asistente m\u00e9dica ajusta el equipo oftalmol\u00f3gico durante lo que parece ser una jornada de atenci\u00f3n visual comunitaria.\" \/><\/figure><\/div>\t\t\t<\/div>\n\t\t\t\t\t\t\t\t\t\t\t\t<div class=\"elementor-swiper-button elementor-swiper-button-prev\" role=\"button\" tabindex=\"0\">\n\t\t\t\t\t\t<svg aria-hidden=\"true\" class=\"e-font-icon-svg e-eicon-chevron-left\" viewbox=\"0 0 1000 1000\" xmlns=\"http:\/\/www.w3.org\/2000\/svg\"><path d=\"M646 125C629 125 613 133 604 142L308 442C296 454 292 471 292 487 292 504 296 521 308 533L604 854C617 867 629 875 646 875 663 875 679 871 692 858 704 846 713 829 713 812 713 796 708 779 692 767L438 487 692 225C700 217 708 204 708 187 708 171 704 154 692 142 675 129 663 125 646 125Z\"><\/path><\/svg>\t\t\t\t\t<\/div>\n\t\t\t\t\t<div class=\"elementor-swiper-button elementor-swiper-button-next\" role=\"button\" tabindex=\"0\">\n\t\t\t\t\t\t<svg aria-hidden=\"true\" class=\"e-font-icon-svg e-eicon-chevron-right\" viewbox=\"0 0 1000 1000\" xmlns=\"http:\/\/www.w3.org\/2000\/svg\"><path d=\"M696 533C708 521 713 504 713 487 713 471 708 454 696 446L400 146C388 133 375 125 354 125 338 125 325 129 313 142 300 154 292 171 292 187 292 204 296 221 308 233L563 492 304 771C292 783 288 800 288 817 288 833 296 850 308 863 321 871 338 875 354 875 371 875 388 867 400 854L696 533Z\"><\/path><\/svg>\t\t\t\t\t<\/div>\n\t\t\t\t\n\t\t\t\t\t\t\t\t\t<div class=\"swiper-pagination\"><\/div>\n\t\t\t\t\t\t\t\t\t<\/div>\n\t\t\t\t\t\t<\/div>\n\t\t\t\t<\/div>\n\t\t\t\t\t<\/div>\n\t\t<\/div>\n\t\t\t\t\t<\/div>\n\t\t<\/section>\n\t\t\t\t<\/div>","protected":false},"excerpt":{"rendered":"<p>De 1976 a 1997, un grupo de amigas encabezadas por la Sra. Emely Canavati de Assad se unieron para trabajar como Comit\u00e9 de Damas Voluntarias en beneficio de los invidentes de la asociaci\u00f3n \u201cInvidentes Unidos de Monterrey\u201d, apoy\u00e1ndolos con cirug\u00edas generales, lentes, despensas, fuentes de trabajo, gastos administrativos y remodelaci\u00f3n de sus instalaciones, entre otras &hellip;<\/p>","protected":false},"author":1,"featured_media":0,"parent":1214,"menu_order":0,"comment_status":"closed","ping_status":"closed","template":"","meta":{"footnotes":""},"class_list":["post-8283","page","type-page","status-publish","hentry","no-thumb"],"yoast_head":"<!-- This site is optimized with the Yoast SEO plugin v25.5 - https:\/\/yoast.com\/wordpress\/plugins\/seo\/ -->\n<title>Antecedentes - Destellos de Luz<\/title>\n<meta name=\"robots\" content=\"index, follow, max-snippet:-1, max-image-preview:large, max-video-preview:-1\" \/>\n<link rel=\"canonical\" href=\"https:\/\/www.destellosdeluz.org\/en\/about-us\/antecedentes\/\" \/>\n<meta property=\"og:locale\" content=\"en_US\" \/>\n<meta property=\"og:type\" content=\"article\" \/>\n<meta property=\"og:title\" content=\"Antecedentes - Destellos de Luz\" \/>\n<meta property=\"og:description\" content=\"De 1976 a 1997, un grupo de amigas encabezadas por la Sra. Emely Canavati de Assad se unieron para trabajar como Comit\u00e9 de Damas Voluntarias en beneficio de los invidentes de la asociaci\u00f3n \u201cInvidentes Unidos de Monterrey\u201d, apoy\u00e1ndolos con cirug\u00edas generales, lentes, despensas, fuentes de trabajo, gastos administrativos y remodelaci\u00f3n de sus instalaciones, entre otras &hellip;\" \/>\n<meta property=\"og:url\" content=\"https:\/\/www.destellosdeluz.org\/en\/about-us\/antecedentes\/\" \/>\n<meta property=\"og:site_name\" content=\"Destellos de Luz\" \/>\n<meta property=\"article:publisher\" content=\"https:\/\/www.facebook.com\/destellosdeluzabp\/\" \/>\n<meta property=\"article:modified_time\" content=\"2021-10-11T22:49:01+00:00\" \/>\n<meta property=\"og:image\" content=\"http:\/\/www.destellosdeluz.org\/wp\/wp-content\/uploads\/2021\/09\/boton-realidad-295x222.jpg\" \/>\n<meta name=\"twitter:card\" content=\"summary_large_image\" \/>\n<meta name=\"twitter:label1\" content=\"Est. reading time\" \/>\n\t<meta name=\"twitter:data1\" content=\"1 minute\" \/>\n<script type=\"application\/ld+json\" class=\"yoast-schema-graph\">{\"@context\":\"https:\/\/schema.org\",\"@graph\":[{\"@type\":\"WebPage\",\"@id\":\"https:\/\/www.destellosdeluz.org\/quienes-somos\/antecedentes\/\",\"url\":\"https:\/\/www.destellosdeluz.org\/quienes-somos\/antecedentes\/\",\"name\":\"Antecedentes - Destellos de Luz\",\"isPartOf\":{\"@id\":\"https:\/\/www.destellosdeluz.org\/#website\"},\"primaryImageOfPage\":{\"@id\":\"https:\/\/www.destellosdeluz.org\/quienes-somos\/antecedentes\/#primaryimage\"},\"image\":{\"@id\":\"https:\/\/www.destellosdeluz.org\/quienes-somos\/antecedentes\/#primaryimage\"},\"thumbnailUrl\":\"http:\/\/www.destellosdeluz.org\/wp\/wp-content\/uploads\/2021\/09\/boton-realidad-295x222.jpg\",\"datePublished\":\"2021-09-14T22:16:08+00:00\",\"dateModified\":\"2021-10-11T22:49:01+00:00\",\"breadcrumb\":{\"@id\":\"https:\/\/www.destellosdeluz.org\/quienes-somos\/antecedentes\/#breadcrumb\"},\"inLanguage\":\"en-US\",\"potentialAction\":[{\"@type\":\"ReadAction\",\"target\":[\"https:\/\/www.destellosdeluz.org\/quienes-somos\/antecedentes\/\"]}]},{\"@type\":\"ImageObject\",\"inLanguage\":\"en-US\",\"@id\":\"https:\/\/www.destellosdeluz.org\/quienes-somos\/antecedentes\/#primaryimage\",\"url\":\"http:\/\/www.destellosdeluz.org\/wp\/wp-content\/uploads\/2021\/09\/boton-realidad-295x222.jpg\",\"contentUrl\":\"http:\/\/www.destellosdeluz.org\/wp\/wp-content\/uploads\/2021\/09\/boton-realidad-295x222.jpg\"},{\"@type\":\"BreadcrumbList\",\"@id\":\"https:\/\/www.destellosdeluz.org\/quienes-somos\/antecedentes\/#breadcrumb\",\"itemListElement\":[{\"@type\":\"ListItem\",\"position\":1,\"name\":\"Inicio\",\"item\":\"https:\/\/www.destellosdeluz.org\/\"},{\"@type\":\"ListItem\",\"position\":2,\"name\":\"Quienes somos\",\"item\":\"https:\/\/www.destellosdeluz.org\/quienes-somos\/\"},{\"@type\":\"ListItem\",\"position\":3,\"name\":\"Antecedentes\"}]},{\"@type\":\"WebSite\",\"@id\":\"https:\/\/www.destellosdeluz.org\/#website\",\"url\":\"https:\/\/www.destellosdeluz.org\/\",\"name\":\"Destellos de Luz A.B.P.\",\"description\":\"Asociaci\u00f3n de beneficiencia para el invidente y d\u00e9bil visual\",\"publisher\":{\"@id\":\"https:\/\/www.destellosdeluz.org\/#organization\"},\"alternateName\":\"Destellos de Luz\",\"potentialAction\":[{\"@type\":\"SearchAction\",\"target\":{\"@type\":\"EntryPoint\",\"urlTemplate\":\"https:\/\/www.destellosdeluz.org\/?s={search_term_string}\"},\"query-input\":{\"@type\":\"PropertyValueSpecification\",\"valueRequired\":true,\"valueName\":\"search_term_string\"}}],\"inLanguage\":\"en-US\"},{\"@type\":\"Organization\",\"@id\":\"https:\/\/www.destellosdeluz.org\/#organization\",\"name\":\"Destellos de Luz A.B.P.\",\"alternateName\":\"Destellos de Luz\",\"url\":\"https:\/\/www.destellosdeluz.org\/\",\"logo\":{\"@type\":\"ImageObject\",\"inLanguage\":\"en-US\",\"@id\":\"https:\/\/www.destellosdeluz.org\/#\/schema\/logo\/image\/\",\"url\":\"https:\/\/www.destellosdeluz.org\/wp-content\/uploads\/2025\/07\/screenshot-2025-07-23-at-41046-pm.png\",\"contentUrl\":\"https:\/\/www.destellosdeluz.org\/wp-content\/uploads\/2025\/07\/screenshot-2025-07-23-at-41046-pm.png\",\"width\":304,\"height\":204,\"caption\":\"Destellos de Luz A.B.P.\"},\"image\":{\"@id\":\"https:\/\/www.destellosdeluz.org\/#\/schema\/logo\/image\/\"},\"sameAs\":[\"https:\/\/www.facebook.com\/destellosdeluzabp\/\"]}]}<\/script>\n<!-- \/ Yoast SEO plugin. -->","yoast_head_json":{"title":"Antecedentes - Destellos de Luz","robots":{"index":"index","follow":"follow","max-snippet":"max-snippet:-1","max-image-preview":"max-image-preview:large","max-video-preview":"max-video-preview:-1"},"canonical":"https:\/\/www.destellosdeluz.org\/en\/about-us\/antecedentes\/","og_locale":"en_US","og_type":"article","og_title":"Antecedentes - Destellos de Luz","og_description":"De 1976 a 1997, un grupo de amigas encabezadas por la Sra. Emely Canavati de Assad se unieron para trabajar como Comit\u00e9 de Damas Voluntarias en beneficio de los invidentes de la asociaci\u00f3n \u201cInvidentes Unidos de Monterrey\u201d, apoy\u00e1ndolos con cirug\u00edas generales, lentes, despensas, fuentes de trabajo, gastos administrativos y remodelaci\u00f3n de sus instalaciones, entre otras &hellip;","og_url":"https:\/\/www.destellosdeluz.org\/en\/about-us\/antecedentes\/","og_site_name":"Destellos de Luz","article_publisher":"https:\/\/www.facebook.com\/destellosdeluzabp\/","article_modified_time":"2021-10-11T22:49:01+00:00","og_image":[{"url":"http:\/\/www.destellosdeluz.org\/wp\/wp-content\/uploads\/2021\/09\/boton-realidad-295x222.jpg","type":"","width":"","height":""}],"twitter_card":"summary_large_image","twitter_misc":{"Est. reading time":"1 minute"},"schema":{"@context":"https:\/\/schema.org","@graph":[{"@type":"WebPage","@id":"https:\/\/www.destellosdeluz.org\/quienes-somos\/antecedentes\/","url":"https:\/\/www.destellosdeluz.org\/quienes-somos\/antecedentes\/","name":"Antecedentes - Destellos de Luz","isPartOf":{"@id":"https:\/\/www.destellosdeluz.org\/#website"},"primaryImageOfPage":{"@id":"https:\/\/www.destellosdeluz.org\/quienes-somos\/antecedentes\/#primaryimage"},"image":{"@id":"https:\/\/www.destellosdeluz.org\/quienes-somos\/antecedentes\/#primaryimage"},"thumbnailUrl":"http:\/\/www.destellosdeluz.org\/wp\/wp-content\/uploads\/2021\/09\/boton-realidad-295x222.jpg","datePublished":"2021-09-14T22:16:08+00:00","dateModified":"2021-10-11T22:49:01+00:00","breadcrumb":{"@id":"https:\/\/www.destellosdeluz.org\/quienes-somos\/antecedentes\/#breadcrumb"},"inLanguage":"en-US","potentialAction":[{"@type":"ReadAction","target":["https:\/\/www.destellosdeluz.org\/quienes-somos\/antecedentes\/"]}]},{"@type":"ImageObject","inLanguage":"en-US","@id":"https:\/\/www.destellosdeluz.org\/quienes-somos\/antecedentes\/#primaryimage","url":"http:\/\/www.destellosdeluz.org\/wp\/wp-content\/uploads\/2021\/09\/boton-realidad-295x222.jpg","contentUrl":"http:\/\/www.destellosdeluz.org\/wp\/wp-content\/uploads\/2021\/09\/boton-realidad-295x222.jpg"},{"@type":"BreadcrumbList","@id":"https:\/\/www.destellosdeluz.org\/quienes-somos\/antecedentes\/#breadcrumb","itemListElement":[{"@type":"ListItem","position":1,"name":"Inicio","item":"https:\/\/www.destellosdeluz.org\/"},{"@type":"ListItem","position":2,"name":"Quienes somos","item":"https:\/\/www.destellosdeluz.org\/quienes-somos\/"},{"@type":"ListItem","position":3,"name":"Antecedentes"}]},{"@type":"WebSite","@id":"https:\/\/www.destellosdeluz.org\/#website","url":"https:\/\/www.destellosdeluz.org\/","name":"Destellos de Luz A.B.P.","description":"Asociaci\u00f3n de beneficiencia para el invidente y d\u00e9bil visual","publisher":{"@id":"https:\/\/www.destellosdeluz.org\/#organization"},"alternateName":"Destellos de Luz","potentialAction":[{"@type":"SearchAction","target":{"@type":"EntryPoint","urlTemplate":"https:\/\/www.destellosdeluz.org\/?s={search_term_string}"},"query-input":{"@type":"PropertyValueSpecification","valueRequired":true,"valueName":"search_term_string"}}],"inLanguage":"en-US"},{"@type":"Organization","@id":"https:\/\/www.destellosdeluz.org\/#organization","name":"Destellos de Luz A.B.P.","alternateName":"Destellos de Luz","url":"https:\/\/www.destellosdeluz.org\/","logo":{"@type":"ImageObject","inLanguage":"en-US","@id":"https:\/\/www.destellosdeluz.org\/#\/schema\/logo\/image\/","url":"https:\/\/www.destellosdeluz.org\/wp-content\/uploads\/2025\/07\/screenshot-2025-07-23-at-41046-pm.png","contentUrl":"https:\/\/www.destellosdeluz.org\/wp-content\/uploads\/2025\/07\/screenshot-2025-07-23-at-41046-pm.png","width":304,"height":204,"caption":"Destellos de Luz A.B.P."},"image":{"@id":"https:\/\/www.destellosdeluz.org\/#\/schema\/logo\/image\/"},"sameAs":["https:\/\/www.facebook.com\/destellosdeluzabp\/"]}]}},"_links":{"self":[{"href":"https:\/\/www.destellosdeluz.org\/en\/wp-json\/wp\/v2\/pages\/8283","targetHints":{"allow":["GET"]}}],"collection":[{"href":"https:\/\/www.destellosdeluz.org\/en\/wp-json\/wp\/v2\/pages"}],"about":[{"href":"https:\/\/www.destellosdeluz.org\/en\/wp-json\/wp\/v2\/types\/page"}],"author":[{"embeddable":true,"href":"https:\/\/www.destellosdeluz.org\/en\/wp-json\/wp\/v2\/users\/1"}],"replies":[{"embeddable":true,"href":"https:\/\/www.destellosdeluz.org\/en\/wp-json\/wp\/v2\/comments?post=8283"}],"version-history":[{"count":11,"href":"https:\/\/www.destellosdeluz.org\/en\/wp-json\/wp\/v2\/pages\/8283\/revisions"}],"predecessor-version":[{"id":9354,"href":"https:\/\/www.destellosdeluz.org\/en\/wp-json\/wp\/v2\/pages\/8283\/revisions\/9354"}],"up":[{"embeddable":true,"href":"https:\/\/www.destellosdeluz.org\/en\/wp-json\/wp\/v2\/pages\/1214"}],"wp:attachment":[{"href":"https:\/\/www.destellosdeluz.org\/en\/wp-json\/wp\/v2\/media?parent=8283"}],"curies":[{"name":"wp","href":"https:\/\/api.w.org\/{rel}","templated":true}]}}